{"id":4894,"date":"2025-04-28T18:54:22","date_gmt":"2025-04-28T18:54:22","guid":{"rendered":"https:\/\/gpartners-avocat-etrangers.com\/gtc\/"},"modified":"2025-05-22T14:30:00","modified_gmt":"2025-05-22T14:30:00","slug":"gtc","status":"publish","type":"page","link":"https:\/\/gpartners-avocat-etrangers.com\/en\/gtc\/","title":{"rendered":"GTC"},"content":{"rendered":"\t\t<div data-elementor-type=\"wp-page\" data-elementor-id=\"4894\" class=\"elementor elementor-4894 elementor-2874\" data-elementor-post-type=\"page\">\n\t\t\t\t<div class=\"elementor-element elementor-element-6533c60 e-flex e-con-boxed e-con e-parent\" data-id=\"6533c60\" data-element_type=\"container\" data-e-type=\"container\" data-settings=\"{&quot;background_background&quot;:&quot;classic&quot;}\">\n\t\t\t\t\t<div class=\"e-con-inner\">\n\t\t<div class=\"elementor-element elementor-element-4a3514b e-con-full e-flex e-con e-child\" data-id=\"4a3514b\" data-element_type=\"container\" data-e-type=\"container\">\n\t\t\t\t<div class=\"elementor-element elementor-element-f1205c7 elementor-align-left elementor-widget elementor-widget-breadcrumbs\" data-id=\"f1205c7\" data-element_type=\"widget\" data-e-type=\"widget\" data-widget_type=\"breadcrumbs.default\">\n\t\t\t\t<div class=\"elementor-widget-container\">\n\t\t\t\t\t<p id=\"breadcrumbs\"><span><span><a href=\"https:\/\/gpartners-avocat-etrangers.com\/en\/\">Accueil<\/a><\/span><\/span><\/p>\t\t\t\t<\/div>\n\t\t\t\t<\/div>\n\t\t\t\t<div class=\"elementor-element elementor-element-8df494a elementor-widget__width-inherit elementor-widget elementor-widget-heading\" data-id=\"8df494a\" data-element_type=\"widget\" data-e-type=\"widget\" data-widget_type=\"heading.default\">\n\t\t\t\t<div class=\"elementor-widget-container\">\n\t\t\t\t\t<h1 class=\"elementor-heading-title elementor-size-default\">Terms and conditions of sale<\/h1>\t\t\t\t<\/div>\n\t\t\t\t<\/div>\n\t\t\t\t<\/div>\n\t\t\t\t\t<\/div>\n\t\t\t\t<\/div>\n\t\t<div class=\"elementor-element elementor-element-26afb77 e-flex e-con-boxed e-con e-parent\" data-id=\"26afb77\" data-element_type=\"container\" data-e-type=\"container\">\n\t\t\t\t\t<div class=\"e-con-inner\">\n\t\t\t\t<div class=\"elementor-element elementor-element-5ecd422 elementor-widget elementor-widget-text-editor\" data-id=\"5ecd422\" data-element_type=\"widget\" data-e-type=\"widget\" data-widget_type=\"text-editor.default\">\n\t\t\t\t<div class=\"elementor-widget-container\">\n\t\t\t\t\t\t\t\t\t<h4>Preamble<\/h4><p>These terms and conditions of sale are entered into by <b>GOLDWIN PARTNERS<\/b>, a limited liability company (soci\u00e9t\u00e9 d&#8217;exercice lib\u00e9ral \u00e0 responsabilit\u00e9 limit\u00e9e) with a capital of 1,000 euros, whose registered office is located at 7 rue Claude Chahu, 75116 Paris, registered with the Paris Trade and Companies Registry under number 903 074 243, hereinafter referred to as \u201cthe Avocat\u201d, and by any individual or legal entity wishing to make a purchase via the Avocat&#8217;s website, hereinafter referred to as \u201cthe Client\u201d.<\/p><h4>Purpose of the contract<\/h4><p>The purpose of the present general conditions of sale is to set out the contractual provisions between the Lawyer and the Customer and the conditions applicable to any purchase made through the Lawyer&#8217;s commercial site, by a natural or legal person.<br>The acquisition of a service through the present site implies unreserved acceptance by the customer of the present conditions of sale.<\/p><h4>Rates<\/h4><p>The prices shown under the \u201cFees\u201d tabs are exclusive of VAT in euros, to which must be added the VAT rate of 20% applicable on the day the order is placed; any change in the rate will be indicated on the site as soon as it comes into effect. L&#8217;Avocat reserves the right to modify its prices at any time, it being understood that the price appearing on the site on the day of the order will be the only one applicable to the Customer. <\/p><h4>Controls<\/h4><p>The customer places an order on the www.g-partners-avocat-droit-etranger.com website. To purchase one or more services, the customer must complete the following order process: <\/p><ul><li>Select your service<\/li><li>Basket validation and order summary<\/li><li>Payment confirmation<\/li><\/ul><p>The customer will receive an order confirmation e-mail.<\/p><h4>Service delivery<\/h4><p>The Avocat reserves the right to cancel or refuse any order from a client with whom there is a dispute relating to the payment of a previous order, or a conflict of interest or any other cause contrary to the ethics applicable to the legal profession.<br>Any order implies acceptance of the amount of the fees and commencement of performance of the service, given its particularly personalized nature.<br>The Lawyer undertakes to honor consultation requests received on the website in accordance with his professional ethics and in the interests of his client.<br>The Lawyer is bound by an obligation of means.<\/p><h4>Terms of payment<\/h4><p>Payment for the services offered on the website may only be made by credit card.<br>The service will be delivered in full as soon as payment has been received.<\/p><h4>Shipping and delivery times<\/h4><p>The Lawyer undertakes to contact the client in order to receive the information required for the personalized consultation within a reasonable timeframe of between 48 hours and 8 days.<br>If this contact has not taken place within 8 days of the payment date, and if this delay is not due to force majeure, the Customer may cancel the sale by sending a registered letter with acknowledgement of receipt to the following address: 7 rue Claude Chahu, 75116 Paris.<br>The sums paid by the customer will then be reimbursed in full, without any opening fees.<\/p><h4>Withdrawal period applicable only to private individuals: exchange or return<\/h4><p>Customers, non-professional individuals, benefit from a withdrawal period of fourteen days from the delivery of their order to contest and request reimbursement without penalty in accordance with the Hamon law no. 2014-344 of March 17, 2014.<\/p><p>However, this law does not apply in the following cases:<\/p><ul><li>For services whose execution has begun with the agreement of the consumer before the end of the withdrawal period, which is the case for the online legal services of <b>GOLDWIN PARTNERS<\/b>, because the contact with the Lawyer constitutes the beginning of the service even before any payment, and the payment of the service constitutes acceptance of these general conditions of sale specifying the express exclusion of the withdrawal period for this type of service.<\/li><\/ul><h4>Lawyer&#8217;s fees for proposed services<\/h4><p>The Lawyer reminds you that this website and all of his services are strictly subject to compliance with the ethics of the legal profession.<br><b>GOLDWIN PARTNERS<\/b> offers packages and subscriptions whose prices are those shown on the website.<br>Thus, the amount of fees is that which is customary and in accordance with the profession in the same matter.<\/p><h4>Ethical provisions for remote legal services<\/h4><p><b>Article 6.6.4.1 Lawyers who set up a legal services website:<\/b><br>\u201cLawyers who set up, operate or play a majority role, alone or with colleagues, in the creation and operation of a legal services website may freely collect any remuneration from the website&#8217;s customers; they may, where appropriate, collect such remuneration through one of the financial institutions that ensures the security of online payments, provided that the customer can also be identified in this way\u201d.<\/p>\t\t\t\t\t\t\t\t<\/div>\n\t\t\t\t<\/div>\n\t\t\t\t\t<\/div>\n\t\t\t\t<\/div>\n\t\t\t\t<\/div>\n\t\t","protected":false},"excerpt":{"rendered":"<p>Terms and conditions of sale Preamble These terms and conditions of sale are entered into by GOLDWIN PARTNERS, a limited liability company (soci\u00e9t\u00e9 d&#8217;exercice lib\u00e9ral \u00e0 responsabilit\u00e9 limit\u00e9e) with a capital of 1,000 euros, whose registered office is located at 7 rue Claude Chahu, 75116 Paris, registered with the Paris Trade and Companies Registry under [&hellip;]<\/p>\n","protected":false},"author":3,"featured_media":0,"parent":0,"menu_order":0,"comment_status":"closed","ping_status":"closed","template":"elementor_header_footer","meta":{"_acf_changed":false,"inline_featured_image":false,"footnotes":""},"categories":[],"class_list":["post-4894","page","type-page","status-publish","hentry"],"acf":[],"yoast_head":"<!-- This site is optimized with the Yoast SEO plugin v27.2 - https:\/\/yoast.com\/product\/yoast-seo-wordpress\/ -->\n<title>GTC - Goldwin Partners Etrangers<\/title>\n<meta name=\"robots\" content=\"index, follow, max-snippet:-1, max-image-preview:large, max-video-preview:-1\" \/>\n<link rel=\"canonical\" href=\"https:\/\/gpartners-avocat-etrangers.com\/en\/gtc\/\" \/>\n<script type=\"application\/ld+json\" class=\"yoast-schema-graph\">{\"@context\":\"https:\/\/schema.org\",\"@graph\":[{\"@type\":\"WebPage\",\"@id\":\"https:\/\/gpartners-avocat-etrangers.com\/en\/gtc\/\",\"url\":\"https:\/\/gpartners-avocat-etrangers.com\/en\/gtc\/\",\"name\":\"GTC - Goldwin Partners Etrangers\",\"isPartOf\":{\"@id\":\"https:\/\/gpartners-avocat-etrangers.com\/en\/#website\"},\"datePublished\":\"2025-04-28T18:54:22+00:00\",\"dateModified\":\"2025-05-22T14:30:00+00:00\",\"breadcrumb\":{\"@id\":\"https:\/\/gpartners-avocat-etrangers.com\/en\/gtc\/#breadcrumb\"},\"inLanguage\":\"en-US\",\"potentialAction\":[{\"@type\":\"ReadAction\",\"target\":[\"https:\/\/gpartners-avocat-etrangers.com\/en\/gtc\/\"]}]},{\"@type\":\"BreadcrumbList\",\"@id\":\"https:\/\/gpartners-avocat-etrangers.com\/en\/gtc\/#breadcrumb\",\"itemListElement\":[{\"@type\":\"ListItem\",\"position\":1,\"name\":\"Accueil\",\"item\":\"https:\/\/gpartners-avocat-etrangers.com\/en\/\"},{\"@type\":\"ListItem\",\"position\":2,\"name\":\"GTC\"}]},{\"@type\":\"WebSite\",\"@id\":\"https:\/\/gpartners-avocat-etrangers.com\/en\/#website\",\"url\":\"https:\/\/gpartners-avocat-etrangers.com\/en\/\",\"name\":\"Goldwin Partners Etrangers\",\"description\":\"Avocat droit des \u00e9trangers, Goldwin Partners\",\"potentialAction\":[{\"@type\":\"SearchAction\",\"target\":{\"@type\":\"EntryPoint\",\"urlTemplate\":\"https:\/\/gpartners-avocat-etrangers.com\/en\/?s={search_term_string}\"},\"query-input\":{\"@type\":\"PropertyValueSpecification\",\"valueRequired\":true,\"valueName\":\"search_term_string\"}}],\"inLanguage\":\"en-US\"}]}<\/script>\n<!-- \/ Yoast SEO plugin. -->","yoast_head_json":{"title":"GTC - Goldwin Partners Etrangers","robots":{"index":"index","follow":"follow","max-snippet":"max-snippet:-1","max-image-preview":"max-image-preview:large","max-video-preview":"max-video-preview:-1"},"canonical":"https:\/\/gpartners-avocat-etrangers.com\/en\/gtc\/","schema":{"@context":"https:\/\/schema.org","@graph":[{"@type":"WebPage","@id":"https:\/\/gpartners-avocat-etrangers.com\/en\/gtc\/","url":"https:\/\/gpartners-avocat-etrangers.com\/en\/gtc\/","name":"GTC - Goldwin Partners Etrangers","isPartOf":{"@id":"https:\/\/gpartners-avocat-etrangers.com\/en\/#website"},"datePublished":"2025-04-28T18:54:22+00:00","dateModified":"2025-05-22T14:30:00+00:00","breadcrumb":{"@id":"https:\/\/gpartners-avocat-etrangers.com\/en\/gtc\/#breadcrumb"},"inLanguage":"en-US","potentialAction":[{"@type":"ReadAction","target":["https:\/\/gpartners-avocat-etrangers.com\/en\/gtc\/"]}]},{"@type":"BreadcrumbList","@id":"https:\/\/gpartners-avocat-etrangers.com\/en\/gtc\/#breadcrumb","itemListElement":[{"@type":"ListItem","position":1,"name":"Accueil","item":"https:\/\/gpartners-avocat-etrangers.com\/en\/"},{"@type":"ListItem","position":2,"name":"GTC"}]},{"@type":"WebSite","@id":"https:\/\/gpartners-avocat-etrangers.com\/en\/#website","url":"https:\/\/gpartners-avocat-etrangers.com\/en\/","name":"Goldwin Partners Etrangers","description":"Avocat droit des \u00e9trangers, Goldwin Partners","potentialAction":[{"@type":"SearchAction","target":{"@type":"EntryPoint","urlTemplate":"https:\/\/gpartners-avocat-etrangers.com\/en\/?s={search_term_string}"},"query-input":{"@type":"PropertyValueSpecification","valueRequired":true,"valueName":"search_term_string"}}],"inLanguage":"en-US"}]}},"_links":{"self":[{"href":"https:\/\/gpartners-avocat-etrangers.com\/en\/wp-json\/wp\/v2\/pages\/4894","targetHints":{"allow":["GET"]}}],"collection":[{"href":"https:\/\/gpartners-avocat-etrangers.com\/en\/wp-json\/wp\/v2\/pages"}],"about":[{"href":"https:\/\/gpartners-avocat-etrangers.com\/en\/wp-json\/wp\/v2\/types\/page"}],"author":[{"embeddable":true,"href":"https:\/\/gpartners-avocat-etrangers.com\/en\/wp-json\/wp\/v2\/users\/3"}],"replies":[{"embeddable":true,"href":"https:\/\/gpartners-avocat-etrangers.com\/en\/wp-json\/wp\/v2\/comments?post=4894"}],"version-history":[{"count":1,"href":"https:\/\/gpartners-avocat-etrangers.com\/en\/wp-json\/wp\/v2\/pages\/4894\/revisions"}],"predecessor-version":[{"id":4897,"href":"https:\/\/gpartners-avocat-etrangers.com\/en\/wp-json\/wp\/v2\/pages\/4894\/revisions\/4897"}],"wp:attachment":[{"href":"https:\/\/gpartners-avocat-etrangers.com\/en\/wp-json\/wp\/v2\/media?parent=4894"}],"wp:term":[{"taxonomy":"category","embeddable":true,"href":"https:\/\/gpartners-avocat-etrangers.com\/en\/wp-json\/wp\/v2\/categories?post=4894"}],"curies":[{"name":"wp","href":"https:\/\/api.w.org\/{rel}","templated":true}]}}